{"id":680,"date":"2023-12-10T13:02:18","date_gmt":"2023-12-10T11:02:18","guid":{"rendered":"https:\/\/florianast.ch\/?post_type=product&#038;p=680"},"modified":"2024-07-01T20:45:35","modified_gmt":"2024-07-01T18:45:35","slug":"grussbotschaft-mit-musik","status":"publish","type":"product","link":"https:\/\/florianast.ch\/?product=grussbotschaft-mit-musik","title":{"rendered":"Grussbotschaft (mit Musik)"},"content":{"rendered":"<p>Du willst jemandem deiner Familie, einer guten Freundin oder deinem besten Freund eine pers\u00f6nliche musikalische Videobotschaft von Florian Ast zukommen lassen?<br \/>\nDann bestelle hier dein pers\u00f6nliches Video und schreibe uns deinen Wunsch und die ben\u00f6tigten Angaben (inkl. Name f\u00fcr wen die Botschaft ist). Du kannst daf\u00fcr das vorbereitete Feld &#8220;Anmerkung zur Bestellung&#8221; im Warenkorb verwenden.<br \/>\nL\u00e4nge des Videos: ca. 2 Minuten<br \/>\nPreis: CHF 100.- inkl. Versand &amp; Datenaufbereitung<\/p>\n<p>(Diese Grussbotschaft wird ausschliesslich per Mail verschickt)<br \/>\nWichtig:<\/p>\n<p>Schicke uns deine Idee und Wunsch bis sp\u00e4testens vier Wochen vor deinem gew\u00fcnschten Liefertermin!<br \/>\nMusikalische Videobotschaften sind privat und d\u00fcrfen weder vervielf\u00e4ltigt, und \/ oder ver\u00f6ffentlicht, noch in irgendeiner Form ausgewertet werden.<br \/>\n\u2022 verf\u00fcgbar<br \/>\n\u2022 ca. 28 Tage Lieferzeit nach Zahlungseingang<\/p>\n","protected":false},"excerpt":{"rendered":"<p>Du willst jemandem deiner Familie, einer guten Freundin oder deinem besten Freund eine pers\u00f6nliche musikalische Videobotschaft von Florian Ast zukommen lassen?<br \/>\nDann bestelle hier dein pers\u00f6nliches Video und schreibe uns deinen Wunsch und die ben\u00f6tigten Angaben (inkl. Name f\u00fcr wen die Botschaft ist). Du kannst daf\u00fcr das vorbereitete Feld &#8220;Anmerkung zur Bestellung&#8221; im Warenkorb verwenden.<br \/>\nL\u00e4nge des Videos: ca. 2 Minuten<br \/>\nPreis: CHF 100.- inkl. Versand &amp; Datenaufbereitung<\/p>\n<p>(Diese Grussbotschaft wird ausschliesslich per Mail verschickt)<br \/>\nWichtig:<\/p>\n<p>Schicke uns deine Idee und Wunsch bis sp\u00e4testens vier Wochen vor deinem gew\u00fcnschten Liefertermin!<\/p>\n<p> <a href=\"https:\/\/florianast.ch\/?product=grussbotschaft-mit-musik\">&nbsp;&raquo;&nbsp;Read more about: Grussbotschaft (mit Musik) &nbsp;&raquo;<\/a><\/p>\n","protected":false},"featured_media":834,"comment_status":"open","ping_status":"closed","template":"","meta":{"inline_featured_image":false},"product_brand":[],"product_cat":[27,28],"product_tag":[],"class_list":{"0":"post-680","1":"product","2":"type-product","3":"status-publish","4":"has-post-thumbnail","6":"product_cat-anderes","7":"product_cat-grussbotschaft","9":"first","10":"instock","11":"virtual","12":"taxable","13":"purchasable","14":"product-type-simple"},"_links":{"self":[{"href":"https:\/\/florianast.ch\/index.php?rest_route=\/wp\/v2\/product\/680","targetHints":{"allow":["GET"]}}],"collection":[{"href":"https:\/\/florianast.ch\/index.php?rest_route=\/wp\/v2\/product"}],"about":[{"href":"https:\/\/florianast.ch\/index.php?rest_route=\/wp\/v2\/types\/product"}],"replies":[{"embeddable":true,"href":"https:\/\/florianast.ch\/index.php?rest_route=%2Fwp%2Fv2%2Fcomments&post=680"}],"wp:featuredmedia":[{"embeddable":true,"href":"https:\/\/florianast.ch\/index.php?rest_route=\/wp\/v2\/media\/834"}],"wp:attachment":[{"href":"https:\/\/florianast.ch\/index.php?rest_route=%2Fwp%2Fv2%2Fmedia&parent=680"}],"wp:term":[{"taxonomy":"product_brand","embeddable":true,"href":"https:\/\/florianast.ch\/index.php?rest_route=%2Fwp%2Fv2%2Fproduct_brand&post=680"},{"taxonomy":"product_cat","embeddable":true,"href":"https:\/\/florianast.ch\/index.php?rest_route=%2Fwp%2Fv2%2Fproduct_cat&post=680"},{"taxonomy":"product_tag","embeddable":true,"href":"https:\/\/florianast.ch\/index.php?rest_route=%2Fwp%2Fv2%2Fproduct_tag&post=680"}],"curies":[{"name":"wp","href":"https:\/\/api.w.org\/{rel}","templated":true}]}}